{"id":4,"date":"2021-04-06T18:08:21","date_gmt":"2021-04-06T22:08:21","guid":{"rendered":"https:\/\/canoe.moxiworks.com\/denhamteamrealestate\/team-home"},"modified":"2021-04-06T18:08:21","modified_gmt":"2021-04-06T22:08:21","slug":"team-home","status":"publish","type":"page","link":"https:\/\/denhamteamrealestate.c21.ca\/fr-ca","title":{"rendered":"Team Home"},"content":{"rendered":"\r\n<h2>LA R\u00c9F\u00c9RENCE EN OR DANS LE SECTEUR IMMOBILIER<\/h2>\r\n<h2>LA R\u00c9F\u00c9RENCE EN OR DANS LE SECTEUR IMMOBILIER<\/h2>\r\n<h2>NOTRE MISSION : OFFRIR UNE EXP\u00c9RIENCE EXTRAORDINAIRE<\/h2>\r\n<p>\u00c0 titre de courtiers immobiliers CENTURY\u00a021<sup>MD<\/sup>, nous nous engageons \u00e0 vous offrir un service de la plus haute qualit\u00e9, en alliant nos connaissances exceptionnelles du march\u00e9 immobilier local \u00e0 la puissance de la marque CENTURY\u00a021, l&#8217;une des banni\u00e8res immobili\u00e8res les plus reconnues au monde.<\/p>\r\n<h2>PROPRI\u00c9T\u00c9S EN VEDETTE<\/h2>\r\n<p><a role=\"button\" href=\"\/search\" target=\"_self\" rel=\"noopener noreferrer\"> VOIR PLUS DE PROPRI\u00c9T\u00c9S <\/a><\/p>\r\n<h2>PROPRI\u00c9T\u00c9S EN VEDETTE<\/h2>\r\n<p><a role=\"button\" href=\"\/search\" target=\"_self\" rel=\"noopener noreferrer\"> VOIR PLUS DE PROPRI\u00c9T\u00c9S <\/a><\/p>\r\n<h2>NOUVELLES DU QUARTIER<\/h2>\r\n<p><a role=\"button\" href=\"\/neighborhood-news\" target=\"_self\" rel=\"noopener noreferrer\"> COMMENCER <\/a> <img decoding=\"async\" title=\"french_neighborhood-news-iphone-mockup-cropped-1024x942-1\" src=\"https:\/\/www.c21.ca\/files\/2021\/04\/french_neighborhood-news-iphone-mockup-cropped-1024x942-1.png\" alt=\"french_neighborhood-news-iphone-mockup-cropped-1024x942-1\" width=\"1024\" height=\"942\" \/> <img decoding=\"async\" title=\"Branded background\" src=\"\/\/century21.agent.hub21.ca\/files\/2020\/12\/Branded-background.png\" alt=\"Branded Background\" \/><\/p>\r\n<h2>UNE EXPERTISE LOCALE POUR L&#8217;ACHAT<\/h2>\r\n<p>Si vous \u00eates acheteur, nous pouvons vous aider \u00e0 optimiser vos recherches en tenant compte de facteurs que vous n&#8217;auriez pas forc\u00e9ment consid\u00e9r\u00e9s, que ce soit l&#8217;acc\u00e8s aux \u00e9coles, le style de vie recherch\u00e9 ou le retour sur investissement estim\u00e9. \u00c0 l&#8217;aide de nos outils de recherche, vous pourrez trouver une propri\u00e9t\u00e9 qui correspond parfaitement \u00e0 vos besoins. En plus de nous occuper de tous les d\u00e9tails, nous mettrons \u00e0 profit nos connaissances du march\u00e9 local, notre expertise immobili\u00e8re et nos comp\u00e9tences pour vous aider \u00e0 n\u00e9gocier le meilleur prix.<\/p>\r\n<p><a role=\"button\" href=\"\/about-me\" target=\"_self\" rel=\"noopener noreferrer\"> Contactez-nous <\/a> <img decoding=\"async\" title=\"Branded background\" src=\"\/\/century21.agent.hub21.ca\/files\/2020\/12\/Branded-background.png\" alt=\"Branded Background\" \/><\/p>\r\n<h2>UNE EXPERTISE LOCALE POUR L&#8217;ACHAT<\/h2>\r\n<p>Si vous \u00eates acheteur, nous pouvons vous aider \u00e0 optimiser vos recherches en tenant compte de facteurs que vous n&#8217;auriez pas forc\u00e9ment consid\u00e9r\u00e9s, que ce soit l&#8217;acc\u00e8s aux \u00e9coles, le style de vie recherch\u00e9 ou le retour sur investissement estim\u00e9. \u00c0 l&#8217;aide de nos outils de recherche, vous pourrez trouver une propri\u00e9t\u00e9 qui correspond parfaitement \u00e0 vos besoins. En plus de nous occuper de tous les d\u00e9tails, nous mettrons \u00e0 profit nos connaissances du march\u00e9 local, notre expertise immobili\u00e8re et nos comp\u00e9tences pour vous aider \u00e0 n\u00e9gocier le meilleur prix.<\/p>\r\n<p><a role=\"button\" href=\"\/about-me\" target=\"_self\" rel=\"noopener noreferrer\"> Contactez-nous <\/a><\/p>\r\n<h2>UNE EXPERTISE LOCALE POUR LA VENTE<\/h2>\r\n<p>Si vous pensez \u00e0 vendre, nous vous expliquerons les facteurs du march\u00e9 qui pourraient influer sur le prix, la pr\u00e9paration et la promotion de votre propri\u00e9t\u00e9, afin que vous puissiez prendre une d\u00e9cision \u00e9clair\u00e9e en fonction de vos besoins. Nous vous pr\u00e9senterons un plan de marketing personnalis\u00e9 et utiliserons des outils technologiques de pointe pour exposer votre propri\u00e9t\u00e9 \u00e0 un maximum d&#8217;acheteurs potentiels \u00e0 l&#8217;\u00e9chelle locale et internationale afin que vous obteniez le meilleur prix pour votre bien immobilier. Nous nous appuierons sur la notori\u00e9t\u00e9 mondiale de CENTURY 21, l&#8217;une des marques immobili\u00e8res les plus renomm\u00e9es, et notre expertise locale, pour assurer la r\u00e9ussite de votre transaction immobili\u00e8re.<\/p>\r\n<p>&nbsp;<\/p>\r\n<p>N&#8217;h\u00e9sitez pas \u00e0 communiquer avec nous si vous avez des questions au sujet du march\u00e9 immobilier ou de nos services. Au plaisir de travailler avec vous!<\/p>\r\n<p><a role=\"button\" href=\"\/about-me\" target=\"_self\" rel=\"noopener noreferrer\"> Poser une question <\/a> <img decoding=\"async\" title=\"House_YardSign_FR-scaled\" src=\"https:\/\/www.c21.ca\/files\/2021\/04\/House_YardSign_FR-scaled-1-e1618019453711.jpeg\" alt=\"House_YardSign_FR-scaled\" width=\"1888\" height=\"1548\" \/><\/p>\r\n<h2>UNE EXPERTISE LOCALE POUR LA VENTE<\/h2>\r\n<p>Si vous pensez \u00e0 vendre, nous vous expliquerons les facteurs du march\u00e9 qui pourraient influer sur le prix, la pr\u00e9paration et la promotion de votre propri\u00e9t\u00e9, afin que vous puissiez prendre une d\u00e9cision \u00e9clair\u00e9e en fonction de vos besoins. Nous vous pr\u00e9senterons un plan de marketing personnalis\u00e9 et utiliserons des outils technologiques de pointe pour exposer votre propri\u00e9t\u00e9 \u00e0 un maximum d&#8217;acheteurs potentiels \u00e0 l&#8217;\u00e9chelle locale et internationale afin que vous obteniez le meilleur prix pour votre bien immobilier. Nous nous appuierons sur la notori\u00e9t\u00e9 mondiale de CENTURY 21, l&#8217;une des marques immobili\u00e8res les plus renomm\u00e9es, et notre expertise locale, pour assurer la r\u00e9ussite de votre transaction immobili\u00e8re.<\/p>\r\n<p>&nbsp;<\/p>\r\n<p>N&#8217;h\u00e9sitez pas \u00e0 communiquer avec nous si vous avez des questions au sujet du march\u00e9 immobilier ou de nos services. Au plaisir de travailler avec vous!<\/p>\r\n<p><a role=\"button\" href=\"\/about-me\" target=\"_self\" rel=\"noopener noreferrer\"> Poser une question <\/a> <img decoding=\"async\" title=\"House_YardSign_FR-scaled\" src=\"https:\/\/www.c21.ca\/files\/2021\/04\/House_YardSign_FR-scaled-1-e1618019453711.jpeg\" alt=\"House_YardSign_FR-scaled\" width=\"1888\" height=\"1548\" \/><\/p>\r\n","protected":false},"excerpt":{"rendered":"<p>LA R\u00c9F\u00c9RENCE EN OR DANS LE SECTEUR IMMOBILIER LA R\u00c9F\u00c9RENCE EN OR DANS LE SECTEUR IMMOBILIER NOTRE MISSION : OFFRIR UNE EXP\u00c9RIENCE EXTRAORDINAIRE \u00c0 titre de courtiers immobiliers CENTURY\u00a021MD, nous nous engageons \u00e0 vous offrir un service de la plus haute qualit\u00e9, en alliant nos connaissances exceptionnelles du march\u00e9 immobilier local \u00e0 la puissance de [&hellip;]<\/p>\n","protected":false},"author":4,"featured_media":0,"parent":0,"menu_order":0,"comment_status":"closed","ping_status":"closed","template":"","meta":{"footnotes":""},"class_list":["post-4","page","type-page","status-publish","hentry"],"_links":{"self":[{"href":"https:\/\/denhamteamrealestate.c21.ca\/fr-ca\/wp-json\/wp\/v2\/pages\/4","targetHints":{"allow":["GET"]}}],"collection":[{"href":"https:\/\/denhamteamrealestate.c21.ca\/fr-ca\/wp-json\/wp\/v2\/pages"}],"about":[{"href":"https:\/\/denhamteamrealestate.c21.ca\/fr-ca\/wp-json\/wp\/v2\/types\/page"}],"author":[{"embeddable":true,"href":"https:\/\/denhamteamrealestate.c21.ca\/fr-ca\/wp-json\/wp\/v2\/users\/4"}],"replies":[{"embeddable":true,"href":"https:\/\/denhamteamrealestate.c21.ca\/fr-ca\/wp-json\/wp\/v2\/comments?post=4"}],"version-history":[{"count":0,"href":"https:\/\/denhamteamrealestate.c21.ca\/fr-ca\/wp-json\/wp\/v2\/pages\/4\/revisions"}],"wp:attachment":[{"href":"https:\/\/denhamteamrealestate.c21.ca\/fr-ca\/wp-json\/wp\/v2\/media?parent=4"}],"curies":[{"name":"wp","href":"https:\/\/api.w.org\/{rel}","templated":true}]}}