{"id":6,"date":"2021-04-06T19:55:43","date_gmt":"2021-04-06T23:55:43","guid":{"rendered":"https:\/\/canoe.moxiworks.com\/denhamteamrealestate\/team-buying"},"modified":"2021-04-06T19:55:43","modified_gmt":"2021-04-06T23:55:43","slug":"team-buying","status":"publish","type":"page","link":"https:\/\/denhamteamrealestate.c21.ca\/fr-ca\/team-buying","title":{"rendered":"Team Buying"},"content":{"rendered":"\n<h1>\n\t\tATTENDEZ-VOUS \u00c0 PLUS\n\t<\/h1>\n\t<p>Laissez-vous guider par un expert.<\/p>\n\t\t\t\t<img decoding=\"async\" src=\"https:\/\/templates.c21canada.moxiworks.net\/files\/2021\/05\/AdviceSelling.jpeg\" alt=\"AdviceSelling\" itemprop=\"image\" height=\"606\" width=\"745\" title=\"AdviceSelling\" onerror=\"this.style.display='none'\"  \/>\n<h2>\n\t\tCOMPTEZ SUR NOUS\n\t<\/h2>\n\t<p>L&#8217;achat d&#8217;une propri\u00e9t\u00e9 est l&#8217;une des transactions financi\u00e8res les plus importantes de votre vie. Il y a donc de nombreuses questions importantes \u00e0 consid\u00e9rer. Les courtiers immobiliers de CENTURY 21<sup>MD<\/sup> vous offrent bien plus qu&#8217;un soutien pour votre transaction, ils vous accompagnent \u00e0 chaque \u00e9tape du processus. Faites confiance \u00e0 l&#8217;expertise des courtiers CENTURY 21 pour trouver la maison de vos r\u00eaves.<\/p>\n<h2>\n\t\tL\u00c0 POUR VOUS \u00c0 CHAQUE \u00c9TAPE\n\t<\/h2>\n\t<p>Si vous \u00eates acheteur, nous pouvons vous aider \u00e0 optimiser vos recherches en tenant compte de facteurs que vous n&#8217;auriez pas forc\u00e9ment consid\u00e9r\u00e9s, que ce soit l&#8217;acc\u00e8s aux \u00e9coles, le style de vie recherch\u00e9 ou le retour sur investissement estim\u00e9. \u00c0 l&#8217;aide de nos outils de recherche, vous pourrez trouver une propri\u00e9t\u00e9 qui correspond parfaitement \u00e0 vos besoins. En plus de nous occuper de tous les d\u00e9tails, nous mettrons \u00e0 profit nos connaissances du march\u00e9 local, notre expertise immobili\u00e8re et nos comp\u00e9tences pour vous aider \u00e0 n\u00e9gocier le meilleur prix.<\/p>\n\t\t\t<a href=\"\" target=\"_self\" role=\"button\" rel=\"noopener noreferrer\">\n\t\t\t\t\t\t\tContactez-nous\n\t\t\t\t\t<\/a>\n\t\t\t\t<img decoding=\"async\" src=\"https:\/\/templates.c21canada.moxiworks.net\/files\/2021\/05\/Branded-background.png\" alt=\"Branded-background\" itemprop=\"image\" height=\"424\" width=\"432\" title=\"Branded-background\" onerror=\"this.style.display='none'\"  \/>\n<h2>\n\t\tPROPRI\u00c9T\u00c9S EN VEDETTE\n\t<\/h2>\n\t\t\t<a href=\"\" target=\"_self\" role=\"button\" rel=\"noopener noreferrer\">\n\t\t\t\t\t\t\tVOIR PLUS DE PROPRI\u00c9T\u00c9S\n\t\t\t\t\t<\/a>\n<h2>\n\t\tLEXIQUE DE L&#8217;ACCESSION \u00c0 LA PROPRI\u00c9T\u00c9\n\t<\/h2>\n<h4>\n\t\tP\u00c9RIODE D&#8217;AMORTISSEMENT\n\t<\/h4>\n\t<p>Le nombre d&#8217;ann\u00e9es requises pour rembourser le montant total du pr\u00eat selon des paiements fixes.<\/p>\n<h4>\n\t\t\u00c9VALUATION\n\t<\/h4>\n\t<p>Le processus servant \u00e0 d\u00e9terminer la valeur marchande d&#8217;une propri\u00e9t\u00e9.<\/p>\n<h4>\n\t\tPR\u00caT HYPOTH\u00c9CAIRE FERM\u00c9\n\t<\/h4>\n\t<p>Un pr\u00eat hypoth\u00e9caire qui, pendant une dur\u00e9e fixe, ne permet pas de paiements anticip\u00e9s ou de refinancement sans p\u00e9nalit\u00e9.<\/p>\n<h4>\n\t\tDATE DE CL\u00d4TURE\n\t<\/h4>\n\t<p>La date \u00e0 laquelle le nouveau propri\u00e9taire prend possession de la propri\u00e9t\u00e9 et la vente devient finale.<\/p>\n<h4>\n\t\tNANTISSEMENT\n\t<\/h4>\n\t<p>Un actif, comme un d\u00e9p\u00f4t \u00e0 terme, une Obligation d&#8217;\u00e9pargne du Canada ou une automobile, affect\u00e9 \u00e0 titre de garantie du remboursement d&#8217;une dette.<\/p>\n<h4>\n\t\tACOMPTE\n\t<\/h4>\n\t<p>Une somme que l&#8217;acheteur verse dans un compte en fid\u00e9icommis au moment de pr\u00e9senter une offre d&#8217;achat. Une fois que le vendeur aura accept\u00e9 l&#8217;offre, la somme est d\u00e9tenue en fid\u00e9icommis par le courtier immobilier responsable de l&#8217;inscription, l&#8217;avocat ou le notaire jusqu&#8217;\u00e0 la conclusion de la vente. L&#8217;acompte est vers\u00e9 au vendeur.<\/p>\n<h4>\n\t\tVALEUR NETTE\n\t<\/h4>\n\t<p>La diff\u00e9rence entre la valeur marchande de la propri\u00e9t\u00e9 et tout pr\u00eat hypoth\u00e9caire enregistr\u00e9 sur la propri\u00e9t\u00e9. La diff\u00e9rence appartient au propri\u00e9taire de la propri\u00e9t\u00e9.<\/p>\n<h4>\n\t\tHYPOTH\u00c8QUE\n\t<\/h4>\n\t<p>Une hypoth\u00e8que est un pr\u00eat garanti par un bien immobilier. Une fois le pr\u00eat hypoth\u00e9caire rembours\u00e9, le pr\u00eateur fournit une d\u00e9charge d&#8217;hypoth\u00e8que \u00e0 l&#8217;emprunteur.<\/p>\n<h4><\/h4>\n<h4>\n\t\tTERME (OU DUR\u00c9E)\n\t<\/h4>\n\t<p>La p\u00e9riode couverte par l&#8217;entente de financement. Vous pouvez opter pour un terme long ou court. Remarquez que les taux d&#8217;int\u00e9r\u00eat seront fixes, peu importe le terme choisi.<\/p>\n<h4><\/h4>\n\t<h1>\n\t\t\t\tNOUVELLES DU QUARTIER\n\t\t\t<\/h1>\n\t<p>Vous voulez en savoir plus sur un quartier en particulier? Remplissez le formulaire pour d\u00e9marrer.<\/p>\n\t\t\t<a href=\"\" target=\"_self\" role=\"button\" rel=\"noopener noreferrer\">\n\t\t\t\t\t\t\tCOMMENCER\n\t\t\t\t\t<\/a>\n\t\t\t\t<img decoding=\"async\" src=\"https:\/\/templates.c21canada.moxiworks.net\/files\/2021\/02\/french_neighborhood-news-iphone-mockup-cropped-1024x942-1.png\" alt=\"french_neighborhood-news-iphone-mockup-cropped-1024x942\" itemprop=\"image\" height=\"942\" width=\"1024\" title=\"french_neighborhood-news-iphone-mockup-cropped-1024x942\" onerror=\"this.style.display='none'\"  \/>\n<h2>\n\t\tPR\u00caT POUR LA PROCHAINE \u00c9TAPE?\n\t<\/h2>\n\t<p>Je me ferai un plaisir de vous aider \u00e0 r\u00e9aliser vos objectifs d&#8217;accession \u00e0 la propri\u00e9t\u00e9. Communiquez avec moi pour entamer vos d\u00e9marches d\u00e8s aujourd&#8217;hui. Ce que je propose :<\/p>\n\n","protected":false},"excerpt":{"rendered":"<p>ATTENDEZ-VOUS \u00c0 PLUS Laissez-vous guider par un expert. COMPTEZ SUR NOUS L&#8217;achat d&#8217;une propri\u00e9t\u00e9 est l&#8217;une des transactions financi\u00e8res les plus importantes de votre vie. Il y a donc de nombreuses questions importantes \u00e0 consid\u00e9rer. Les courtiers immobiliers de CENTURY 21MD vous offrent bien plus qu&#8217;un soutien pour votre transaction, ils vous accompagnent \u00e0 chaque [&hellip;]<\/p>\n","protected":false},"author":4,"featured_media":0,"parent":0,"menu_order":0,"comment_status":"closed","ping_status":"closed","template":"","meta":{"footnotes":""},"class_list":["post-6","page","type-page","status-publish","hentry"],"_links":{"self":[{"href":"https:\/\/denhamteamrealestate.c21.ca\/fr-ca\/wp-json\/wp\/v2\/pages\/6","targetHints":{"allow":["GET"]}}],"collection":[{"href":"https:\/\/denhamteamrealestate.c21.ca\/fr-ca\/wp-json\/wp\/v2\/pages"}],"about":[{"href":"https:\/\/denhamteamrealestate.c21.ca\/fr-ca\/wp-json\/wp\/v2\/types\/page"}],"author":[{"embeddable":true,"href":"https:\/\/denhamteamrealestate.c21.ca\/fr-ca\/wp-json\/wp\/v2\/users\/4"}],"replies":[{"embeddable":true,"href":"https:\/\/denhamteamrealestate.c21.ca\/fr-ca\/wp-json\/wp\/v2\/comments?post=6"}],"version-history":[{"count":0,"href":"https:\/\/denhamteamrealestate.c21.ca\/fr-ca\/wp-json\/wp\/v2\/pages\/6\/revisions"}],"wp:attachment":[{"href":"https:\/\/denhamteamrealestate.c21.ca\/fr-ca\/wp-json\/wp\/v2\/media?parent=6"}],"curies":[{"name":"wp","href":"https:\/\/api.w.org\/{rel}","templated":true}]}}